{"id":800,"date":"2020-01-10T09:08:47","date_gmt":"2020-01-10T08:08:47","guid":{"rendered":"https:\/\/sandra-troeger.de\/?page_id=800"},"modified":"2026-03-24T13:16:17","modified_gmt":"2026-03-24T12:16:17","slug":"about","status":"publish","type":"page","link":"https:\/\/sandra-troeger.de\/en\/about\/","title":{"rendered":"about"},"content":{"rendered":"<style>.kt-sc800_c6f3e1-6f .kt-sc-imgcol, .kt-sc800_c6f3e1-6f .kt-sc-textcol{min-height:450px;}.kt-sc800_c6f3e1-6f .kt-sc-imgcol{background-color:#eeeeef;}.kt-sc800_c6f3e1-6f .kt-sc-textcol{padding-top:24px;padding-right:24px;padding-bottom:24px;padding-left:24px;margin-top:0px;margin-right:0px;margin-bottom:0px;margin-left:0px;}@media all and (max-width: 767px){.kt-sc800_c6f3e1-6f .kt-sc-imgcol, .kt-sc800_c6f3e1-6f .kt-sc-textcol{min-height:450px;}}<\/style>\n<div class=\"aligncenter kt-sc800_c6f3e1-6f grau wp-block-kadence-splitcontent\"><div class=\"kt-split-content-wrap kt-sc-media-side-right\" style=\"grid-template-columns:auto 30%\"><div class=\"kt-sc-imgcol kt-sc-imgcol-bg-auto kt-sc-img-side-right\"><figure class=\"kt-split-content-media-image wp-image-container-1528\"><img loading=\"lazy\" decoding=\"async\" src=\"https:\/\/sandra-troeger.de\/wp-content\/uploads\/2022\/04\/21A9902_bearb_619x537px.jpg\" alt=\"\" width=\"619\" height=\"537\" class=\"kt-split-content-img wp-image-1528\" srcset=\"https:\/\/sandra-troeger.de\/wp-content\/uploads\/2022\/04\/21A9902_bearb_619x537px.jpg 619w, https:\/\/sandra-troeger.de\/wp-content\/uploads\/2022\/04\/21A9902_bearb_619x537px-300x260.jpg 300w, https:\/\/sandra-troeger.de\/wp-content\/uploads\/2022\/04\/21A9902_bearb_619x537px-484x420.jpg 484w\" sizes=\"auto, (max-width: 619px) 100vw, 619px\" \/><\/figure><\/div><div class=\"kt-sc-textcol kt-sc-text-valign-center kt-sc-text-halign-center\" style=\"background-color:#eeeeef\"><div class=\"kt-sc-innter-col\">\n<p class=\"has-text-align-left\">&nbsp;<em>\u201cMy current work revolves around the topics of architecture and color. The source of inspiration is the urban landscape and its spatial structure. On discovery tours with my camera, I explored architectural set pieces for my paintings and photographic works.<\/em><\/p>\n\n\n\n<p class=\"has-text-align-left\"><em>The architectural photographs often appear mysteriously abstract and do not immediately reveal their origin. I either take the resulting photographs directly in the work cycle or they become part of a painterly debate. I reduce and transfer the image structure on to the canvas with just a few strokes. From this moment on, the architecture \u00adreturns to its beginnings. Only the color painting gives the two-dimensional image the appearance of space. In order, to do this I create an individual composition of the \u00adhighest purity and luminosity, mixing colors from pigments and binders. Nuance for nuance, I approach the sound of color, research the interplay of colors, their interdependency and their spatial effect. If a color does not match or suit in the composition, it is painted over or re\u00adarranged. Sometimes this development process can be read because the layers underneath remain visible.<\/em><\/p>\n\n\n\n<p class=\"has-text-align-left\"><em>Composing, correcting, painting over, deleting: in the course of the work, color and form have mutual priority in terms of image content and form. Strictness is followed by momentum, or vice versa. Exact lines contrast with gestural, loosely painted areas. Splashes of paint overlay homogeneous areas of color, liquid paint can enhance its way through concrete shapes. My entire painting process is in this tension. It is an interplay that I pursue to the fullest until the painted image unfolds its visual power and real architecture has become a colored illusion.\u201d&nbsp;<\/em><\/p>\n\n\n\n<p class=\"has-text-align-left\"><em>Sandra Tr\u00f6ger&nbsp;<\/em><\/p>\n<\/div><\/div><\/div><\/div>\n\n\n<style>.kb-row-layout-wrap.wp-block-kadence-rowlayout.kb-row-layout-id800_7063a1-86{margin-top:40px;}.kb-row-layout-id800_7063a1-86 > .kt-row-column-wrap{align-content:start;}:where(.kb-row-layout-id800_7063a1-86 > .kt-row-column-wrap) > .wp-block-kadence-column{justify-content:start;}.kb-row-layout-id800_7063a1-86 > .kt-row-column-wrap{column-gap:var(--global-kb-gap-md, 2rem);row-gap:var(--global-kb-gap-md, 2rem);padding-top:0px;padding-bottom:25px;padding-left:24px;grid-template-columns:minmax(0, calc(70% - ((var(--global-kb-gap-md, 2rem) * 1 )\/2)))minmax(0, calc(30% - ((var(--global-kb-gap-md, 2rem) * 1 )\/2)));}.kb-row-layout-id800_7063a1-86{background-color:#ffffff;}.kb-row-layout-id800_7063a1-86 > .kt-row-layout-overlay{opacity:0.30;}@media all and (max-width: 1024px){.kb-row-layout-id800_7063a1-86 > .kt-row-column-wrap{grid-template-columns:repeat(2, minmax(0, 1fr));}}@media all and (max-width: 767px){.kb-row-layout-id800_7063a1-86 > .kt-row-column-wrap{grid-template-columns:minmax(0, 1fr);}}<\/style><div class=\"kb-row-layout-wrap kb-row-layout-id800_7063a1-86 alignnone kt-row-has-bg wp-block-kadence-rowlayout\"><div class=\"kt-row-column-wrap kt-has-2-columns kt-row-layout-equal kt-tab-layout-inherit kt-mobile-layout-row kt-row-valign-top\">\n<style>.kadence-column800_5745b3-fc > .kt-inside-inner-col,.kadence-column800_5745b3-fc > .kt-inside-inner-col:before{border-top-left-radius:0px;border-top-right-radius:0px;border-bottom-right-radius:0px;border-bottom-left-radius:0px;}.kadence-column800_5745b3-fc > .kt-inside-inner-col{column-gap:var(--global-kb-gap-sm, 1rem);}.kadence-column800_5745b3-fc > .kt-inside-inner-col{flex-direction:column;}.kadence-column800_5745b3-fc > .kt-inside-inner-col > .aligncenter{width:100%;}.kadence-column800_5745b3-fc > .kt-inside-inner-col:before{opacity:0.3;}.kadence-column800_5745b3-fc{position:relative;}@media all and (max-width: 1024px){.kadence-column800_5745b3-fc > .kt-inside-inner-col{flex-direction:column;justify-content:center;}}@media all and (max-width: 767px){.kadence-column800_5745b3-fc > .kt-inside-inner-col{flex-direction:column;justify-content:center;}}<\/style>\n<div class=\"wp-block-kadence-column kadence-column800_5745b3-fc inner-column-1\"><div class=\"kt-inside-inner-col\">\n<p><strong>EDUCATION&nbsp;<\/strong><br>2012\u20132019 Study at the Academy of Fine Arts in Munich (Prof. G\u00fcnther F\u00f6rg, Matthias Dornfeld, Prof. Gregor Hildebrandt), Degree: M. Arts 2019 <\/p>\n\n\n\n<p>2006\u20132012 Seminars at the Reichenhall Academy of Art (with Prof. Markus L\u00fcpertz, Prof. Jerry Zeniuk, Prof. Erwin Bohatsch)&nbsp;<\/p>\n\n\n\n<p>1998\u20132002 Study Communication Design at the University of Applied Sciences, Munich: Degree in M.A. Design&nbsp;<\/p>\n\n\n\n<p>Memberships: Professional Association for Fine Artists (BBK), <br>Alliance of German Designers (AGD), Art associations Munich and Landshut<br><br><\/p>\n\n\n\n<p><strong>EXHIBITIONS (SELECTION)\u00a0<\/strong><br>2026 &#8220;INTERPLAY&#8221;, Kunstverein Landshut (S)<\/p>\n\n\n\n<p>2025 &#8220;KUNST AKTUELL&#8221;, Kunstverein Rosenheim in der St\u00e4dtischen Galerie Rosenheim (G)<\/p>\n\n\n\n<p>2025 &#8220;ASPEKTE&#8221;, DEZ Regensburg (G)<\/p>\n\n\n\n<p>2025 &#8220;GOK 25&#8221;, Gro\u00dfe Ostbayerische Kunstausstellung des BBK Niederbayern\/Oberpfalz, im Kunst- und Gewerbeverein Regensburg (G)<\/p>\n\n\n\n<p>2024 &#8220;Jahresausstellung&#8221;, Litvai Galerie f\u00fcr Fotografie, Landshut (G)<\/p>\n\n\n\n<p>2024 &#8220;54. Jahresausstellung&#8221;, Kunstverein Landshut, Gro\u00dfe Rathausgalerie, Landshut (G)<\/p>\n\n\n\n<p>2024 &#8220;KUNST AKTUELL&#8221;, Kunstverein Rosenheim in der St\u00e4dtischen Galerie Rosenheim (G)<\/p>\n\n\n\n<p>2024 &#8220;GOK 2024&#8221;, Gro\u00dfe Ostbayerische Kunstausstellung des BBK Niederbayern\/Oberpfalz, im Kunst- und Gewerbeverein Regensburg (G)<\/p>\n\n\n\n<p>2023 &#8220;53. Jahresausstellung&#8221;, Kunstverein Landshut, Gro\u00dfe Rathausgalerie, Landshut (G)<\/p>\n\n\n\n<p>2023 &#8220;Das kleine Format&#8221;, Kunstverein Aichach, Am K\u00f6glturm (G)<\/p>\n\n\n\n<p>2023 &#8220;FROM SPACE TO SPACE II&#8221;, Stadtgalerie Alte Feuerwache im Stadtmuseum Amberg (S)<\/p>\n\n\n\n<p>2023 &#8220;GOK 2023&#8221;, Gro\u00dfe Ostbayerische Kunstausstellung des BBK Niederbayern\/Oberpfalz, Stadtmuseum Deggendorf (G)<\/p>\n\n\n\n<p>2023 &#8220;KUNST AKTUELL&#8221;, Kunstverein Rosenheim in der St\u00e4dtischen Galerie Rosenheim (G)<\/p>\n\n\n\n<p>2023 &#8220;FROM SPACE TO SPACE I&#8221;, bok Galerie, Bund Offenbacher K\u00fcnstler, Offenbach\/Main (S)<\/p>\n\n\n\n<p>2022 &#8220;Das kleine Format&#8221;, Kunstverein Aichach, Stadtmuseum Aichach (G)<\/p>\n\n\n\n<p>2022 &#8220;52. Jahresausstellung&#8221;, Kunstverein Landshut, Gro\u00dfe Rathausgalerie, Landshut (G)<\/p>\n\n\n\n<p>2022 &#8220;29. Aichacher Kunstpreis&#8221;, Kunstverein Aichach im SanDepot, Aichach (G)<\/p>\n\n\n\n<p>2022 &#8220;Gro\u00dfe Kunstausstellung 2022&#8221;, AK68, Galerie im Ganserhaus, Wasserburg (G)<\/p>\n\n\n\n<p>2022 &#8220;KUNST AKTUELL&#8221;, Kunstverein Rosenheim in der St\u00e4dtischen Galerie Rosenheim (G)<\/p>\n\n\n\n<p>2021 &#8220;Jahresausstellung&#8221;, BBK, Passau, (G)<\/p>\n\n\n\n<p>2021 &#8220;Sommergaben&#8221;, Artothek, Munich, (G)<\/p>\n\n\n\n<p>2020 &#8220;Artnews 2 \u2013 Sandra Tr\u00f6ger &amp; Young Jun Lee&#8221;, Smudajescheck Gallery, Munich, (D)<\/p>\n\n\n\n<p>2020 &#8220;Watch your step!&#8221;, Kulturmodell Passau, (S)<\/p>\n\n\n\n<p>2019 \u201eStep by Step\u201d, Akademie der Bildenden K\u00fcnste (AdbK) Munich, (S)<\/p>\n\n\n\n<p>2018 Year Exhibition, Class Gregor Hildebrandt, AdbK Munich, (G)&nbsp;<\/p>\n\n\n\n<p>2018 \u201eWir schwimmen alle im gleichen Wasser\u201d, Class Gregor Hildebrandt, Pasinger Fabrik, Munich-Pasing, (G) <br><br>2017 Year Exhibition, AdbK M\u00fcnchen, Class Gregor Hildebrandt, (G) <br><br>2016 Year Exhibition, AdbK M\u00fcnchen, Klasse Gregor Hildebrandt, (G)&nbsp;<\/p>\n\n\n\n<p>2015 Year Exhibition, AdbK M\u00fcnchen, Class G\u00fcnther F\u00f6rg\/Matthias Dornfeld, (G)&nbsp;<\/p>\n\n\n\n<p>2015 Class G\u00fcnther F\u00f6rg\/Matthias Dornfeld, Gallery Jahn, Munich, (G)&nbsp;<\/p>\n\n\n\n<p>2014 Year Exhibition, AdbK Munich, Class G\u00fcnther F\u00f6rg, (G) <\/p>\n\n\n\n<p>2013 Year Exhibition, AdbK Munich, Class G\u00fcnther F\u00f6rg, (G) <\/p>\n\n\n\n<p>2012 \u201cENTWEDER\u2026ABER!\u201d, Kultursommertage im Kapuzinerstadl, Deggendorf, (S)&nbsp;<\/p>\n\n\n\n<p>2011 \u201cFARBSTOFF\u201d, St\u00e4dtische Galerie, Pfaffenhofen, (S)&nbsp;<\/p>\n\n\n\n<p>2010 \u201cQuerbildein\u201d, Kunstfoyer im Rathaus, Landshut, (S)&nbsp;<\/p>\n\n\n\n<p>2008 \u201cIch bin Farbe!\u201d, Alter Schlachthof, Straubing, (S)&nbsp;<\/p>\n\n\n\n<p>2007 \u201cWandst\u00fccke\u201d, E.ON Bayern AG, Regensburg, (S)<\/p>\n\n\n\n<p><\/p>\n\n\n\n<p><\/p>\n\n\n\n<p><strong>PUBLIC COLLECTION&nbsp;<\/strong><br>Bezirk Niederbayern<\/p>\n<p>Stadt Amberg<\/p>\n<p>Artothek Munich&nbsp;<\/p>\n\n\n\n<p><strong>AWARDS&nbsp;<\/strong><br>2010 Red Dot Design Award&nbsp;<\/p>\n\n\n\n<p>2008 Red Dot Design Award&nbsp;<\/p>\n<\/div><\/div>\n\n\n<style>.kadence-column800_327cad-b9 > .kt-inside-inner-col,.kadence-column800_327cad-b9 > .kt-inside-inner-col:before{border-top-left-radius:0px;border-top-right-radius:0px;border-bottom-right-radius:0px;border-bottom-left-radius:0px;}.kadence-column800_327cad-b9 > .kt-inside-inner-col{column-gap:var(--global-kb-gap-sm, 1rem);}.kadence-column800_327cad-b9 > .kt-inside-inner-col{flex-direction:column;}.kadence-column800_327cad-b9 > .kt-inside-inner-col > .aligncenter{width:100%;}.kadence-column800_327cad-b9 > .kt-inside-inner-col:before{opacity:0.3;}.kadence-column800_327cad-b9{position:relative;}@media all and (max-width: 1024px){.kadence-column800_327cad-b9 > .kt-inside-inner-col{flex-direction:column;justify-content:center;}}@media all and (max-width: 767px){.kadence-column800_327cad-b9 > .kt-inside-inner-col{flex-direction:column;justify-content:center;}}<\/style>\n<div class=\"wp-block-kadence-column kadence-column800_327cad-b9 inner-column-2\"><div class=\"kt-inside-inner-col\"><\/div><\/div>\n\n<\/div><\/div>","protected":false},"excerpt":{"rendered":"<p>EDUCATION&nbsp;2012\u20132019 Study at the Academy of Fine Arts in Munich [&hellip;]<\/p>\n<a class=\"more-link\" href=\"https:\/\/sandra-troeger.de\/en\/about\/\"> Weiterlesen<\/a>","protected":false},"author":2,"featured_media":0,"parent":0,"menu_order":0,"comment_status":"closed","ping_status":"closed","template":"page-templates\/pageohneHeaderbild.php","meta":{"_kad_blocks_custom_css":"","_kad_blocks_head_custom_js":"","_kad_blocks_body_custom_js":"","_kad_blocks_footer_custom_js":"","ngg_post_thumbnail":0,"footnotes":""},"class_list":["post-800","page","type-page","status-publish","hentry"],"taxonomy_info":[],"featured_image_src_large":false,"author_info":{"display_name":"Sandra","author_link":"https:\/\/sandra-troeger.de\/en\/author\/sandra\/"},"comment_info":0,"_links":{"self":[{"href":"https:\/\/sandra-troeger.de\/en\/wp-json\/wp\/v2\/pages\/800","targetHints":{"allow":["GET"]}}],"collection":[{"href":"https:\/\/sandra-troeger.de\/en\/wp-json\/wp\/v2\/pages"}],"about":[{"href":"https:\/\/sandra-troeger.de\/en\/wp-json\/wp\/v2\/types\/page"}],"author":[{"embeddable":true,"href":"https:\/\/sandra-troeger.de\/en\/wp-json\/wp\/v2\/users\/2"}],"replies":[{"embeddable":true,"href":"https:\/\/sandra-troeger.de\/en\/wp-json\/wp\/v2\/comments?post=800"}],"version-history":[{"count":39,"href":"https:\/\/sandra-troeger.de\/en\/wp-json\/wp\/v2\/pages\/800\/revisions"}],"predecessor-version":[{"id":2666,"href":"https:\/\/sandra-troeger.de\/en\/wp-json\/wp\/v2\/pages\/800\/revisions\/2666"}],"wp:attachment":[{"href":"https:\/\/sandra-troeger.de\/en\/wp-json\/wp\/v2\/media?parent=800"}],"curies":[{"name":"wp","href":"https:\/\/api.w.org\/{rel}","templated":true}]}}