{"id":943,"date":"2020-01-11T12:08:41","date_gmt":"2020-01-11T11:08:41","guid":{"rendered":"https:\/\/sandra-troeger.de\/?page_id=943"},"modified":"2021-07-16T10:10:55","modified_gmt":"2021-07-16T08:10:55","slug":"impressum","status":"publish","type":"page","link":"https:\/\/sandra-troeger.de\/en\/impressum\/","title":{"rendered":"impressum"},"content":{"rendered":"<style>#kt-layout-id_d9a7aa-c1 > .kt-row-column-wrap{align-content:start;}:where(#kt-layout-id_d9a7aa-c1 > .kt-row-column-wrap) > .wp-block-kadence-column{justify-content:start;}#kt-layout-id_d9a7aa-c1 > .kt-row-column-wrap{column-gap:var(--global-kb-gap-md, 2rem);row-gap:var(--global-kb-gap-md, 2rem);padding-top:var( --global-kb-row-default-top, 25px );padding-bottom:var( --global-kb-row-default-bottom, 25px );padding-top:var(--global-kb-spacing-sm, 1.5rem);padding-bottom:var(--global-kb-spacing-sm, 1.5rem);grid-template-columns:minmax(0, 1fr);}#kt-layout-id_d9a7aa-c1 > .kt-row-layout-overlay{opacity:0.30;}@media all and (max-width: 1024px){#kt-layout-id_d9a7aa-c1 > .kt-row-column-wrap{grid-template-columns:minmax(0, 1fr);}}@media all and (max-width: 767px){#kt-layout-id_d9a7aa-c1 > .kt-row-column-wrap{grid-template-columns:minmax(0, 1fr);}}<\/style>\n<div class=\"wp-block-kadence-rowlayout alignnone\"><div id=\"kt-layout-id_d9a7aa-c1\" class=\"kt-row-layout-inner kt-layout-id_d9a7aa-c1\"><div class=\"kt-row-column-wrap kt-has-1-columns kt-gutter-default kt-v-gutter-default kt-row-valign-top kt-row-layout-equal kt-tab-layout-inherit kt-m-colapse-left-to-right kt-mobile-layout-row\"><style>.kadence-column_2271fe-8c > .kt-inside-inner-col{border-top-width:0px;border-right-width:0px;border-bottom-width:0px;border-left-width:0px;}.kadence-column_2271fe-8c > .kt-inside-inner-col,.kadence-column_2271fe-8c > .kt-inside-inner-col:before{border-top-left-radius:0px;border-top-right-radius:0px;border-bottom-right-radius:0px;border-bottom-left-radius:0px;}.kadence-column_2271fe-8c > .kt-inside-inner-col{column-gap:var(--global-kb-gap-sm, 1rem);}.kadence-column_2271fe-8c > .kt-inside-inner-col{flex-direction:column;}.kadence-column_2271fe-8c > .kt-inside-inner-col > .aligncenter{width:100%;}.kadence-column_2271fe-8c > .kt-inside-inner-col:before{opacity:0.3;}.kadence-column_2271fe-8c{position:relative;}@media all and (max-width: 1024px){.kadence-column_2271fe-8c > .kt-inside-inner-col{flex-direction:column;justify-content:center;}}@media all and (max-width: 767px){.kadence-column_2271fe-8c > .kt-inside-inner-col{flex-direction:column;justify-content:center;}}<\/style>\n<div class=\"wp-block-kadence-column inner-column-1 kadence-column_2271fe-8c\"><div class=\"kt-inside-inner-col\">\n<h1 class=\"has-text-align-left wp-block-heading\">Impressum<\/h1>\n\n\n\n<p><strong>Angaben gem\u00e4\u00df \u00a7 5 TMG:<\/strong><\/p>\n\n\n\n<p>Sandra Tr\u00f6ger<br>Oberellenbach 201<\/p>\n\n\n\n<p>84066 Mallersdorf<br>E-Mail: sandra.troeger@freenet.de<br>Telefon: +49 (0) 8772-804388<\/p>\n\n\n\n<p>Umsatzsteuer-ID<br>Umsatzsteuer-Identifikationsnummer&nbsp;gem\u00e4\u00df \u00a727 a Umsatzsteuergesetz:<br>DE219216572<\/p>\n\n\n\n<p><strong>Online-Streitbeilegung<\/strong><\/p>\n\n\n\n<p>Die Europ\u00e4ische Kommission stellt unter https:\/\/ec.europa.eu\/consumers\/odr\/ eine Plattform zur Online-Streitbeilegung bereit, die Verbraucher f\u00fcr die Beilegung einer Streitigkeit nutzen k\u00f6nnen und auf der weitere Informationen zum Thema Streitschlichtung zu finden sind.<\/p>\n\n\n\n<p><strong>Au\u00dfergerichtliche Streitbeilegung<\/strong><\/p>\n\n\n\n<p>Wir sind weder verpflichtet noch dazu bereit, im Falle einer Streitigkeit mit einem Verbraucher an einem Streitbeilegungsverfahren vor einer Verbraucherschlichtungsstelle teilzunehmen.<\/p>\n\n\n\n<p>Unsere E-Mail-Adresse finden Sie oben im Impressum.<\/p>\n\n\n\n<p><strong>Haftung f\u00fcr Inhalte<\/strong><br>Als Diensteanbieter sind wir gem\u00e4\u00df \u00a7 7 Abs.1 TMG f\u00fcr eigene Inhalte auf diesen Seiten nach den&nbsp;allgemeinen Gesetzen verantwortlich. Nach \u00a7\u00a7 8 bis 10 TMG sind wir als Diensteanbieter jedoch nicht&nbsp;verpflichtet, \u00fcbermittelte oder gespeicherte fremde Informationen zu \u00fcberwachen oder nach Umst\u00e4nden&nbsp;zu forschen, die auf eine rechtswidrige T\u00e4tigkeit hinweisen.&nbsp;Verpflichtungen zur Entfernung oder Sperrung der Nutzung von Informationen nach den allgemeinen&nbsp;Gesetzen bleiben hiervon unber\u00fchrt. Eine diesbez\u00fcgliche Haftung ist jedoch erst ab dem Zeitpunkt der&nbsp;Kenntnis einer konkreten Rechtsverletzung m\u00f6glich. Bei Bekanntwerden von entsprechenden&nbsp;Rechtsverletzungen werden wir diese Inhalte umgehend entfernen.<\/p>\n\n\n\n<p><strong>Haftung f\u00fcr Links<\/strong><br>Unser Angebot enth\u00e4lt Links zu externen Webseiten Dritter, auf deren Inhalte wir keinen Einfluss haben.&nbsp;Deshalb k\u00f6nnen wir f\u00fcr diese fremden Inhalte auch keine Gew\u00e4hr \u00fcbernehmen. F\u00fcr die Inhalte der&nbsp;verlinkten Seiten ist stets der jeweilige Anbieter oder Betreiber der Seiten verantwortlich. Die verlinkten&nbsp;Seiten wurden zum Zeitpunkt der Verlinkung auf m\u00f6gliche Rechtsverst\u00f6\u00dfe \u00fcberpr\u00fcft. Rechtswidrige&nbsp;Inhalte waren zum Zeitpunkt der Verlinkung nicht erkennbar.&nbsp;Eine permanente inhaltliche Kontrolle der verlinkten Seiten ist jedoch ohne konkrete Anhaltspunkte einer&nbsp;Rechtsverletzung nicht zumutbar. Bei Bekanntwerden von Rechtsverletzungen werden wir derartige Links&nbsp;umgehend entfernen.<\/p>\n\n\n\n<p><strong>Urheberrecht<\/strong><br>Die durch die Seitenbetreiber erstellten Inhalte und Werke auf diesen Seiten unterliegen dem deutschen&nbsp;Urheberrecht. Die Vervielf\u00e4ltigung, Bearbeitung, Verbreitung und jede Art der Verwertung au\u00dferhalb der&nbsp;Grenzen des Urheberrechtes bed\u00fcrfen der schriftlichen Zustimmung des jeweiligen Autors bzw.&nbsp;Erstellers. Downloads und Kopien dieser Seite sind nur f\u00fcr den privaten, nicht kommerziellen Gebrauch&nbsp;gestattet.&nbsp;Soweit die Inhalte auf dieser Seite nicht vom Betreiber erstellt wurden, werden die Urheberrechte Dritter&nbsp;beachtet. Insbesondere werden Inhalte Dritter als solche gekennzeichnet. Sollten Sie trotzdem auf eine&nbsp;Urheberrechtsverletzung aufmerksam werden, bitten wir um einen entsprechenden Hinweis. Bei&nbsp;Bekanntwerden von Rechtsverletzungen werden wir derartige Inhalte umgehend entfernen.<\/p>\n\n\n\n<p>Quelle:&nbsp;<a href=\"http:\/\/www.e-recht24.de\/\">e-recht24.de<\/a><\/p>\n\n\n\n<p>Technische Umsetzung der Homepage<br>Agentur Anwander Unterneukirchen<br><a href=\"http:\/\/www.agentur-anwander.de\/\">www.agentur-anwander.de<\/a><\/p>\n<\/div><\/div>\n<\/div><\/div><\/div>\n","protected":false},"excerpt":{"rendered":"<p>Impressum Angaben gem\u00e4\u00df \u00a7 5 TMG: Sandra Tr\u00f6gerOberellenbach 201 84066 [&hellip;]<\/p>\n<a class=\"more-link\" href=\"https:\/\/sandra-troeger.de\/en\/impressum\/\"> Weiterlesen<\/a>","protected":false},"author":2,"featured_media":0,"parent":0,"menu_order":0,"comment_status":"closed","ping_status":"closed","template":"page-templates\/pageohneHeaderbild.php","meta":{"_kad_blocks_custom_css":"","_kad_blocks_head_custom_js":"","_kad_blocks_body_custom_js":"","_kad_blocks_footer_custom_js":"","ngg_post_thumbnail":0,"footnotes":""},"class_list":["post-943","page","type-page","status-publish","hentry"],"taxonomy_info":[],"featured_image_src_large":false,"author_info":{"display_name":"Sandra","author_link":"https:\/\/sandra-troeger.de\/en\/author\/sandra\/"},"comment_info":0,"_links":{"self":[{"href":"https:\/\/sandra-troeger.de\/en\/wp-json\/wp\/v2\/pages\/943","targetHints":{"allow":["GET"]}}],"collection":[{"href":"https:\/\/sandra-troeger.de\/en\/wp-json\/wp\/v2\/pages"}],"about":[{"href":"https:\/\/sandra-troeger.de\/en\/wp-json\/wp\/v2\/types\/page"}],"author":[{"embeddable":true,"href":"https:\/\/sandra-troeger.de\/en\/wp-json\/wp\/v2\/users\/2"}],"replies":[{"embeddable":true,"href":"https:\/\/sandra-troeger.de\/en\/wp-json\/wp\/v2\/comments?post=943"}],"version-history":[{"count":2,"href":"https:\/\/sandra-troeger.de\/en\/wp-json\/wp\/v2\/pages\/943\/revisions"}],"predecessor-version":[{"id":1310,"href":"https:\/\/sandra-troeger.de\/en\/wp-json\/wp\/v2\/pages\/943\/revisions\/1310"}],"wp:attachment":[{"href":"https:\/\/sandra-troeger.de\/en\/wp-json\/wp\/v2\/media?parent=943"}],"curies":[{"name":"wp","href":"https:\/\/api.w.org\/{rel}","templated":true}]}}